{"id":75,"date":"2023-03-01T13:36:51","date_gmt":"2023-03-01T12:36:51","guid":{"rendered":"https:\/\/www.fsgabogados.org\/?page_id=75"},"modified":"2025-07-10T20:42:49","modified_gmt":"2025-07-10T18:42:49","slug":"aviso-legal","status":"publish","type":"page","link":"https:\/\/www.fsgabogados.org\/ca\/aviso-legal\/","title":{"rendered":"Av\u00eds legal"},"content":{"rendered":"<h2>TITULARITAT<\/h2>\n<p>En compliment de les obligacions establertes a l&#039;article 10 de la Llei 34\/2002, d&#039;11 de juliol, de Serveis de la Societat de la Informaci\u00f3 i Comer\u00e7 Electr\u00f2nic, es fa constar que aquesta p\u00e0gina correspon a l&#039;entitat:<\/p>\n<p>Titular: FERNANDEZ SALVADOR GEBELL\u00cd ADVOCATS ASSOCIATS, SCP \u2013 J43303619<br \/>\nDomicili: Rambla Nova 14, 43004 - Tarragona<br \/>\nTfno: 977 235 453<br \/>\nMail: gabinete@fsgabogados.org<br \/>\nWeb: www.fsgabogados.org<br \/>\nRegistre mercantil de Tarragona, tom 2468, llibre , secci\u00f3 , foli 208 i 209, full T-39751<\/p>\n<p>Per a qualsevol consulta, podeu contactar amb FERNANDEZ SALVADOR GEBELL\u00cd ADVOCATS ASSOCIATS, SCP a gabinete@fsgabogados.org o al tel\u00e8fon 977 235 453. Pots dirigir-te de qualsevol manera per comunicar-te amb nosaltres.<\/p>\n<h2>OBJECTE I \u00c0MBIT DE LA WEB<\/h2>\n<p>Les presents Condicions Generals de Contractaci\u00f3 i Utilitzaci\u00f3 tenen per objecte regular la posada a disposici\u00f3 de la informaci\u00f3 subministrada a la web de FERNANDEZ SALVADOR GEBELL\u00cd ADVOCATS ASSOCIATS, SCP, aix\u00ed com les transaccions comercials que sorgeixin entre FERNANDEZ SALVADOR GEBELL\u00cd ADVOCATS ASSOCIATS, SCP i els usuaris del domini. Tant la navegaci\u00f3 per la web com l&#039;adquisici\u00f3 de qualsevol dels productes que s&#039;hi ofereixen, suposen l&#039;acceptaci\u00f3 com a usuari, sense reserves de cap classe, de totes i cadascuna de les presents condicions generals de contractaci\u00f3 i utilitzaci\u00f3. FERNANDEZ SALVADOR GEBELL\u00cd ADVOCATS ASSOCIATS, SCP podr\u00e0 modificar la p\u00e0gina web per efectuar quants canvis i modificacions estimi convenients i cregui necessaris per a l&#039;adequada funcionalitat de la mateixa, sense necessitat de previ av\u00eds.<\/p>\n<h2>USUARIS<\/h2>\n<p>L&#039;acc\u00e9s i\/o \u00fas d&#039;aquest portal de FERNANDEZ SALVADOR GEBELL\u00cd ADVOCATS ASSOCIATS, SCP atribueix la condici\u00f3 d&#039;USUARI, que accepta, des d&#039;aquest acc\u00e9s i\/o \u00fas, les Condicions Generals d&#039;\u00das reflectides aqu\u00ed. L&#039;acc\u00e9s a la p\u00e0gina web ser\u00e0 voluntari, i, per tant, responsabilitat de l&#039;usuari, qui ser\u00e0 responsable de tot efecte directe o indirecte que per l&#039;\u00fas que faci del lloc web es derivi, incloent, de forma enunciativa i no limitativa, tot resultat econ\u00f2mic, t\u00e8cnic i\/o jur\u00eddic advers, aix\u00ed com la defraudaci\u00f3 de les expectatives generades pel nostre lloc web, obligant-se a GEBELL\u00cd ADVOCATS ASSOCIATS, SCP per qualssevol reclamacions derivades, directament o indirectament d&#039;aquests fets.<\/p>\n<h2>\u00daS DEL PORTAL<\/h2>\n<p>www.fsgabogados.org proporciona l&#039;acc\u00e9s a multitud d&#039;informacions, serveis, programes o dades (d&#039;ara endavant, els continguts) a Internet pertanyents a FERNANDEZ SALVADOR GEBELL\u00cd ADVOCATS ASSOCIATS, SCP o als seus llicenciants als quals l&#039;USUARI pugui tenir acc\u00e9s. L\u00b4USUARI assumeix la responsabilitat de l\u00b4\u00fas del portal. Aquesta responsabilitat s&#039;est\u00e9n al registre necessari per accedir a determinats serveis o continguts. En aquest registre, l&#039;USUARI ser\u00e0 responsable d&#039;aportar informaci\u00f3 vera\u00e7 i l\u00edcita. Com a conseq\u00fc\u00e8ncia d&#039;aquest registre, a l&#039;USUARI se li pot proporcionar una contrasenya de la qual ser\u00e0 responsable, comprometent-se a fer-ne un \u00fas diligent i confidencial. L&#039;USUARI es compromet a fer un \u00fas adequat dels continguts i serveis (com per exemple serveis de xat, f\u00f2rums de discussi\u00f3 o grups de not\u00edcies) que FERNANDEZ SALVADOR GEBELL\u00cd ADVOCATS ASSOCIATS, SCP pot oferir a trav\u00e9s del seu portal i amb car\u00e0cter enunciatiu per\u00f2 no limitatiu, a no emprar-los per a (i) inc\u00f3rrer en activitats il\u00edcites; (ii) difondre continguts o propaganda de car\u00e0cter racista, xen\u00f2fob, pornogr\u00e0fic-il\u00b7legal, d&#039;apologia del terrorisme o atemptatori contra els drets humans; (iii) provocar danys en els sistemes f\u00edsics i l\u00f2gics de FERNANDEZ SALVADOR GEBELL\u00cd ADVOCATS ASSOCIATS, SCP, dels seus prove\u00efdors o de terceres persones, introduir o difondre a la xarxa virus inform\u00e0tics o qualssevol altres sistemes f\u00edsics o l\u00f2gics que siguin susceptibles de provocar els danys anteriorment esmentats; (iv) intentar accedir i, si escau, utilitzar els comptes de correu electr\u00f2nic d&#039;altres usuaris i modificar-ne o manipular-ne els missatges. FERNANDEZ SALVADOR GEBELL\u00cd ADVOCATS ASSOCIATS, SCP es reserva el dret de retirar tots aquells comentaris i aportacions que vulnerin el respecte a la dignitat de la persona, que siguin discriminatoris, xen\u00f2fobs, racistes, pornogr\u00e0fics, que atemptin contra la joventut o la infantesa, l&#039;ordre o la seguretat p\u00fablica. En qualsevol cas, FERNANDEZ SALVADOR GEBELL\u00cd ADVOCATS ASSOCIATS, SCP no ser\u00e0 responsable de les opinions abocades pels usuaris a trav\u00e9s dels f\u00f2rums, xats, o altres eines de participaci\u00f3.<\/p>\n<h2>PROPIETAT INTEL\u00b7LECTUAL I INDUSTRIAL<\/h2>\n<p>FERNANDEZ SALVADOR GEBELL\u00cd ADVOCATS ASSOCIATS, SCP per si o com a cession\u00e0ria, \u00e9s titular de tots els drets de propietat intel\u00b7lectual i industrial de la seva p\u00e0gina web, aix\u00ed com dels elements continguts en aquesta (a t\u00edtol enunciatiu, imatges, so, \u00e0udio, v\u00eddeo, programari o textos; marques o logotips, combinacions de colors, estructura i disseny, etc.), titularitat de FERNANDEZ SALVADOR GEBELL\u00cd ADVOCATS ASSOCIATS, SCP o b\u00e9 dels seus llicenciants. Tots els drets reservats. En virtut del que disposen els articles 8 i 32.1, par\u00e0graf segon, de la Llei de propietat intel\u00b7lectual, queden expressament prohibides la reproducci\u00f3, la distribuci\u00f3 i la comunicaci\u00f3 p\u00fablica, inclosa la seva modalitat de posada a disposici\u00f3, de la totalitat o part dels continguts d&#039;aquesta p\u00e0gina web, amb fins comercials, en qualsevol suport i per qualsevol mitj\u00e0 t\u00e8cnic, sense l&#039;autoritzaci\u00f3 de FERNANDEZ SCP.<\/p>\n<p>L&#039;USUARI es compromet a respectar els drets de propietat intel\u00b7lectual i industrial titularitat de FERNANDEZ SALVADOR GEBELL\u00cd ADVOCATS ASSOCIATS, SCP. Podreu visualitzar els elements del portal i fins i tot imprimir-los, copiar-los i emmagatzemar-los al disc dur del vostre ordinador o en qualsevol altre suport f\u00edsic sempre que sigui, \u00fanica i exclusivament, per al seu \u00fas personal i privat. L&#039;USUARI haur\u00e0 d&#039;abstenir-se de suprimir, alterar, eludir o manipular qualsevol dispositiu de protecci\u00f3 o sistema de seguretat que estigu\u00e9s instal\u00b7lat a les p\u00e0gines de FERNANDEZ SALVADOR GEBELL\u00cd ADVOCATS ASSOCIATS, SCP.<\/p>\n<p>Queda prohibit, per tant, l&#039;\u00fas de la p\u00e0gina web de FERNANDEZ SALVADOR GEBELL\u00cd ADVOCATS ASSOCIATS, SCP amb fins p\u00fablics o comercials, per la qual cosa no es podr\u00e0 explotar, reproduir, distribuir, modificar, comunicar p\u00fablicament, cedir, transformar o fer servir el contingut del web.<\/p>\n<p>Queda expressament prohibida la introducci\u00f3 d&#039;hiperenlla\u00e7os amb finalitats mercantils a p\u00e0gines web alienes a FERNANDEZ SALVADOR GEBELL\u00cd ADVOCATS ASSOCIATS, SCP, que permetin l&#039;acc\u00e9s al nostre lloc web, sense consentiment previ. En tot cas, l\u201fexist\u00e8ncia d\u201fhiperenlla\u00e7os en llocs web aliens a nosaltres, no implicar\u00e0 en cap cas l\u201fexist\u00e8ncia de relacions comercials o mercantils amb el titular de la p\u00e0gina web on s\u201festableixi l\u201fhiperenlla\u00e7, ni l\u201facceptaci\u00f3 per part de FERNANDEZ SALVADOR GEBELL\u00cd ADVOCATS ASSOCIATS, SCP dels seus continguts o serveis.<\/p>\n<h2>ADRECES IP<\/h2>\n<p>Els servidors del lloc web podran detectar autom\u00e0ticament l&#039;adre\u00e7a IP i el nom de domini utilitzats per l&#039;usuari. Una adre\u00e7a IP \u00e9s un n\u00famero assignat autom\u00e0ticament a un ordinador quan aquesta es connecta a Internet. Tota aquesta informaci\u00f3 \u00e9s registrada en un fitxer d&#039;activitat del servidor degudament inscrit que permet el processament posterior de les dades per tal d&#039;obtenir mesures \u00fanicament estad\u00edstiques que permetin con\u00e8ixer el nombre d&#039;impressions de p\u00e0gines, el nombre de visites realitzades als serveis web, l&#039;ordre de visites, el punt d&#039;acc\u00e9s, etc.<\/p>\n<h2>EXCLUSI\u00d3 DE GARANTIES I RESPONSABILITAT<\/h2>\n<p>FERNANDEZ SALVADOR GEBELL\u00cd ADVOCATS ASSOCIATS, SCP no es fa responsable dels perjudicis que es puguin derivar d&#039;interfer\u00e8ncies, omissions, interrupcions, virus inform\u00e0tics, avaries i\/o desconnexions en el funcionament operatiu d&#039;aquest sistema electr\u00f2nic o en els aparells i equips inform\u00e0tics dels usuaris, motivades per causes alienes ASSOCIATS, SCP, que impedeixin o retardin la prestaci\u00f3 dels serveis o la navegaci\u00f3 per la web, ni dels retards o bloquejos en l&#039;\u00fas causats per defici\u00e8ncies o sobrec\u00e0rregues d&#039;Internet o en altres sistemes electr\u00f2nics, ni de la impossibilitat de donar el servei o permetre l&#039;acc\u00e9s per causes no imputables a FERNANDEZ SALVADOR GEBELL\u00cd ABO, oa sup\u00f2sits de for\u00e7a major. FERNANDEZ SALVADOR GEBELL\u00cd ADVOCATS ASSOCIATS, SCP no controla, amb car\u00e0cter general, la utilitzaci\u00f3 que els usuaris fan del lloc web. En particular, FERNANDEZ SALVADOR GEBELL\u00cd ADVOCATS ASSOCIATS, SCP no respon en cap cas que els usuaris utilitzin el lloc web de conformitat amb la llei, aquestes Condicions Generals, la moral i bons costums generalment acceptats i l&#039;ordre p\u00fablic, ni tampoc que ho facin de forma diligent i prudent.<\/p>\n<p>Els productes presentats al lloc web s\u00f3n conformes a la legislaci\u00f3 espanyola. La responsabilitat de FERNANDEZ SALVADOR GEBELL\u00cd ADVOCATS ASSOCIATS, SCP no es pot invocar en el cas de productes no conformes a la legislaci\u00f3 dels pa\u00efsos als quals hagin pogut ser enviats en funci\u00f3 de la comanda del client. Correspon, doncs, als clients de fora d&#039;Espanya verificar la possibilitat d&#039;importar o utilitzar els productes que ens sol\u00b7licitin.<\/p>\n<h2>MODIFICACIONS<\/h2>\n<p>FERNANDEZ SALVADOR GEBELL\u00cd ADVOCATS ASSOCIATS, SCP es reserva el dret d&#039;efectuar sense previ av\u00eds les modificacions que consideri oportunes al seu portal, podent canviar, suprimir o afegir tant els continguts i serveis que es prestin a trav\u00e9s d&#039;aquesta com la forma en qu\u00e8 aquests apareguin presentats o localitzats al portal.<\/p>\n<h2>ENLLA\u00c7OS<\/h2>\n<p>En cas que a www.fsgabogados.org es disposessin enlla\u00e7os o hipervincles cap a altres llocs d&#039;Internet, FERNANDEZ SALVADOR GEBELL\u00cd ADVOCATS ASSOCIATS, SCP no exercir\u00e0 cap tipus de control sobre aquests llocs i continguts. En cap cas FERNANDEZ SALVADOR GEBELL\u00cd ADVOCATS ASSOCIATS, SCP assumir\u00e0 cap responsabilitat pels continguts d&#039;algun enlla\u00e7 pertanyent a un lloc web ali\u00e8, ni garantir\u00e0 la disponibilitat t\u00e8cnica, qualitat, fiabilitat, exactitud, amplitud, veracitat, validesa i constitucionalitat de qualsevol material o informaci\u00f3 continguda en cap d&#039;aquests hipervincles. Igualment, la inclusi\u00f3 d&#039;aquestes connexions externes no implicar\u00e0 cap tipus d&#039;associaci\u00f3, fusi\u00f3 o participaci\u00f3 amb les entitats connectades.<\/p>\n<h2>DRET D&#039;EXCLUSI\u00d3<\/h2>\n<p>FERNANDEZ SALVADOR GEBELL\u00cd ADVOCATS ASSOCIATS, SCP es reserva el dret a denegar o retirar l&#039;acc\u00e9s a portal i\/o els serveis oferts sense necessitat de preav\u00eds, a inst\u00e0ncia pr\u00f2pia o d&#039;un tercer, a aquells usuaris que incompleixin aquestes Condicions Generals d&#039;\u00das.<\/p>\n<h2>GENERALITATS<\/h2>\n<p>FERNANDEZ SALVADOR GEBELL\u00cd ADVOCATS ASSOCIATS, SCP perseguir\u00e0 l&#039;incompliment de les presents condicions aix\u00ed com qualsevol utilitzaci\u00f3 indeguda del portal exercint totes les accions civils i penals que li puguin correspondre en dret.<\/p>\n<h2>MODIFICACI\u00d3 DE LES PRESENTS CONDICIONS I DURADA<\/h2>\n<p>FERNANDEZ SALVADOR GEBELL\u00cd ADVOCATS ASSOCIATS, SCP podr\u00e0 modificar en qualsevol moment les condicions aqu\u00ed determinades, sent degudament publicades com aqu\u00ed apareixen. La vig\u00e8ncia de les condicions esmentades anir\u00e0 en funci\u00f3 de la seva exposici\u00f3 i estaran vigents fins que siguin modificades per altres degudament publicades.<span class=\"Apple-converted-space\">\u00a0<\/span><\/p>\n<h2>SEGURETAT<\/h2>\n<p>El lloc web utilitza t\u00e8cniques de seguretat de la informaci\u00f3 generalment acceptades a la ind\u00fastria, tals com firewalls, procediments de control d&#039;acc\u00e9s i mecanismes criptogr\u00e0fics, tot per evitar l&#039;acc\u00e9s no autoritzat a les dades. Per aconseguir aquests fins, l&#039;usuari\/client accepta que el prestador obtingui dades per a l&#039;autenticaci\u00f3 corresponent dels controls d&#039;acc\u00e9s.<\/p>\n<p>Tot proc\u00e9s de contractaci\u00f3 o que comporti la introducci\u00f3 de dades personals de car\u00e0cter alt (salut, ideologia\u2026) seran sempre transmesos mitjan\u00e7ant protocol de comunicaci\u00f3 segura (https:\/\/), de manera que cap tercer tingui acc\u00e9s a la informaci\u00f3 transmesa via electr\u00f2nica.<\/p>\n<h2>LEGISLACI\u00d3 APLICABLE I JURISDICCI\u00d3<\/h2>\n<p>La relaci\u00f3 entre FERNANDEZ SALVADOR GEBELL\u00cd ADVOCATS ASSOCIATS, SCP i l&#039;USUARI es regir\u00e0 per la normativa espanyola vigent i qualsevol controv\u00e8rsia se sotmetr\u00e0 als jutjats i tribunals que correspongui.<\/p>","protected":false},"excerpt":{"rendered":"<p>TITULARIDAD En cumplimiento de las obligaciones establecidas en el art\u00edculo 10 de la Ley 34\/2002, de 11 de julio, de Servicios de la Sociedad de la Informaci\u00f3n y Comercio Electr\u00f3nico, se hace constar que esta p\u00e1gina corresponde a la entidad: Titular: &#8211;\u00a0 Domicilio: Tfno: Mail: Web: Para cualquier consulta, puede contactar con en \u00a0o en [&hellip;]<\/p>\n","protected":false},"author":1,"featured_media":0,"parent":0,"menu_order":6,"comment_status":"closed","ping_status":"closed","template":"","meta":{"footnotes":""},"class_list":["post-75","page","type-page","status-publish","hentry"],"yoast_head":"<!-- This site is optimized with the Yoast SEO plugin v27.4 - https:\/\/yoast.com\/product\/yoast-seo-wordpress\/ -->\n<title>Aviso legal - FSG Abogados Asociados<\/title>\n<meta name=\"description\" content=\"Aviso legal de FSG Abogados Asociados\" \/>\n<meta name=\"robots\" content=\"index, follow, max-snippet:-1, max-image-preview:large, max-video-preview:-1\" \/>\n<link rel=\"canonical\" href=\"https:\/\/www.fsgabogados.org\/ca\/aviso-legal\/\" \/>\n<meta property=\"og:locale\" content=\"ca_ES\" \/>\n<meta property=\"og:type\" content=\"article\" \/>\n<meta property=\"og:title\" content=\"Aviso legal - FSG Abogados Asociados\" \/>\n<meta property=\"og:description\" content=\"Aviso legal de FSG Abogados Asociados\" \/>\n<meta property=\"og:url\" content=\"https:\/\/www.fsgabogados.org\/ca\/aviso-legal\/\" \/>\n<meta property=\"og:site_name\" content=\"FSG Abogados Asociados\" \/>\n<meta property=\"article:modified_time\" content=\"2025-07-10T18:42:49+00:00\" \/>\n<meta property=\"og:image\" content=\"https:\/\/www.fsgabogados.org\/wp-content\/uploads\/2025\/10\/imgi_1_logo_W1.png\" \/>\n\t<meta property=\"og:image:width\" content=\"674\" \/>\n\t<meta property=\"og:image:height\" content=\"324\" \/>\n\t<meta property=\"og:image:type\" content=\"image\/png\" \/>\n<meta name=\"twitter:card\" content=\"summary_large_image\" \/>\n<script type=\"application\/ld+json\" class=\"yoast-schema-graph\">{\"@context\":\"https:\\\/\\\/schema.org\",\"@graph\":[{\"@type\":\"WebPage\",\"@id\":\"https:\\\/\\\/www.fsgabogados.org\\\/aviso-legal\\\/\",\"url\":\"https:\\\/\\\/www.fsgabogados.org\\\/aviso-legal\\\/\",\"name\":\"Aviso legal - FSG Abogados Asociados\",\"isPartOf\":{\"@id\":\"https:\\\/\\\/www.fsgabogados.org\\\/#website\"},\"datePublished\":\"2023-03-01T12:36:51+00:00\",\"dateModified\":\"2025-07-10T18:42:49+00:00\",\"description\":\"Aviso legal de FSG Abogados Asociados\",\"breadcrumb\":{\"@id\":\"https:\\\/\\\/www.fsgabogados.org\\\/aviso-legal\\\/#breadcrumb\"},\"inLanguage\":\"ca\",\"potentialAction\":[{\"@type\":\"ReadAction\",\"target\":[\"https:\\\/\\\/www.fsgabogados.org\\\/aviso-legal\\\/\"]}]},{\"@type\":\"BreadcrumbList\",\"@id\":\"https:\\\/\\\/www.fsgabogados.org\\\/aviso-legal\\\/#breadcrumb\",\"itemListElement\":[{\"@type\":\"ListItem\",\"position\":1,\"name\":\"Inicio\",\"item\":\"https:\\\/\\\/www.fsgabogados.org\\\/\"},{\"@type\":\"ListItem\",\"position\":2,\"name\":\"Aviso legal\"}]},{\"@type\":\"WebSite\",\"@id\":\"https:\\\/\\\/www.fsgabogados.org\\\/#website\",\"url\":\"https:\\\/\\\/www.fsgabogados.org\\\/\",\"name\":\"FSG Abogados Asociados\",\"description\":\"fern\u00e1ndez\u00b7salvador\u00b7gerbell\u00ed\u00b7molero\",\"publisher\":{\"@id\":\"https:\\\/\\\/www.fsgabogados.org\\\/#organization\"},\"potentialAction\":[{\"@type\":\"SearchAction\",\"target\":{\"@type\":\"EntryPoint\",\"urlTemplate\":\"https:\\\/\\\/www.fsgabogados.org\\\/?s={search_term_string}\"},\"query-input\":{\"@type\":\"PropertyValueSpecification\",\"valueRequired\":true,\"valueName\":\"search_term_string\"}}],\"inLanguage\":\"ca\"},{\"@type\":\"Organization\",\"@id\":\"https:\\\/\\\/www.fsgabogados.org\\\/#organization\",\"name\":\"FSG Abogados Asociados\",\"url\":\"https:\\\/\\\/www.fsgabogados.org\\\/\",\"logo\":{\"@type\":\"ImageObject\",\"inLanguage\":\"ca\",\"@id\":\"https:\\\/\\\/www.fsgabogados.org\\\/#\\\/schema\\\/logo\\\/image\\\/\",\"url\":\"https:\\\/\\\/www.fsgabogados.org\\\/wp-content\\\/uploads\\\/2025\\\/10\\\/imgi_1_logo_W1.png\",\"contentUrl\":\"https:\\\/\\\/www.fsgabogados.org\\\/wp-content\\\/uploads\\\/2025\\\/10\\\/imgi_1_logo_W1.png\",\"width\":674,\"height\":324,\"caption\":\"FSG Abogados Asociados\"},\"image\":{\"@id\":\"https:\\\/\\\/www.fsgabogados.org\\\/#\\\/schema\\\/logo\\\/image\\\/\"}}]}<\/script>\n<!-- \/ Yoast SEO plugin. -->","yoast_head_json":{"title":"Av\u00eds legal - FSG Advocats Associats","description":"Av\u00eds legal de FSG Advocats Associats","robots":{"index":"index","follow":"follow","max-snippet":"max-snippet:-1","max-image-preview":"max-image-preview:large","max-video-preview":"max-video-preview:-1"},"canonical":"https:\/\/www.fsgabogados.org\/ca\/aviso-legal\/","og_locale":"ca_ES","og_type":"article","og_title":"Aviso legal - FSG Abogados Asociados","og_description":"Aviso legal de FSG Abogados Asociados","og_url":"https:\/\/www.fsgabogados.org\/ca\/aviso-legal\/","og_site_name":"FSG Abogados Asociados","article_modified_time":"2025-07-10T18:42:49+00:00","og_image":[{"width":674,"height":324,"url":"https:\/\/www.fsgabogados.org\/wp-content\/uploads\/2025\/10\/imgi_1_logo_W1.png","type":"image\/png"}],"twitter_card":"summary_large_image","schema":{"@context":"https:\/\/schema.org","@graph":[{"@type":"WebPage","@id":"https:\/\/www.fsgabogados.org\/aviso-legal\/","url":"https:\/\/www.fsgabogados.org\/aviso-legal\/","name":"Av\u00eds legal - FSG Advocats Associats","isPartOf":{"@id":"https:\/\/www.fsgabogados.org\/#website"},"datePublished":"2023-03-01T12:36:51+00:00","dateModified":"2025-07-10T18:42:49+00:00","description":"Av\u00eds legal de FSG Advocats Associats","breadcrumb":{"@id":"https:\/\/www.fsgabogados.org\/aviso-legal\/#breadcrumb"},"inLanguage":"ca","potentialAction":[{"@type":"ReadAction","target":["https:\/\/www.fsgabogados.org\/aviso-legal\/"]}]},{"@type":"BreadcrumbList","@id":"https:\/\/www.fsgabogados.org\/aviso-legal\/#breadcrumb","itemListElement":[{"@type":"ListItem","position":1,"name":"Inicio","item":"https:\/\/www.fsgabogados.org\/"},{"@type":"ListItem","position":2,"name":"Aviso legal"}]},{"@type":"WebSite","@id":"https:\/\/www.fsgabogados.org\/#website","url":"https:\/\/www.fsgabogados.org\/","name":"FSG Advocats Associats","description":"fern\u00e0ndez\u00b7salvador\u00b7gerbell\u00ed\u00b7moler","publisher":{"@id":"https:\/\/www.fsgabogados.org\/#organization"},"potentialAction":[{"@type":"SearchAction","target":{"@type":"EntryPoint","urlTemplate":"https:\/\/www.fsgabogados.org\/?s={search_term_string}"},"query-input":{"@type":"PropertyValueSpecification","valueRequired":true,"valueName":"search_term_string"}}],"inLanguage":"ca"},{"@type":"Organization","@id":"https:\/\/www.fsgabogados.org\/#organization","name":"FSG Advocats Associats","url":"https:\/\/www.fsgabogados.org\/","logo":{"@type":"ImageObject","inLanguage":"ca","@id":"https:\/\/www.fsgabogados.org\/#\/schema\/logo\/image\/","url":"https:\/\/www.fsgabogados.org\/wp-content\/uploads\/2025\/10\/imgi_1_logo_W1.png","contentUrl":"https:\/\/www.fsgabogados.org\/wp-content\/uploads\/2025\/10\/imgi_1_logo_W1.png","width":674,"height":324,"caption":"FSG Abogados Asociados"},"image":{"@id":"https:\/\/www.fsgabogados.org\/#\/schema\/logo\/image\/"}}]}},"_links":{"self":[{"href":"https:\/\/www.fsgabogados.org\/ca\/wp-json\/wp\/v2\/pages\/75","targetHints":{"allow":["GET"]}}],"collection":[{"href":"https:\/\/www.fsgabogados.org\/ca\/wp-json\/wp\/v2\/pages"}],"about":[{"href":"https:\/\/www.fsgabogados.org\/ca\/wp-json\/wp\/v2\/types\/page"}],"author":[{"embeddable":true,"href":"https:\/\/www.fsgabogados.org\/ca\/wp-json\/wp\/v2\/users\/1"}],"replies":[{"embeddable":true,"href":"https:\/\/www.fsgabogados.org\/ca\/wp-json\/wp\/v2\/comments?post=75"}],"version-history":[{"count":1,"href":"https:\/\/www.fsgabogados.org\/ca\/wp-json\/wp\/v2\/pages\/75\/revisions"}],"predecessor-version":[{"id":397,"href":"https:\/\/www.fsgabogados.org\/ca\/wp-json\/wp\/v2\/pages\/75\/revisions\/397"}],"wp:attachment":[{"href":"https:\/\/www.fsgabogados.org\/ca\/wp-json\/wp\/v2\/media?parent=75"}],"curies":[{"name":"wp","href":"https:\/\/api.w.org\/{rel}","templated":true}]}}